{"id":3338,"date":"2024-11-13T16:06:19","date_gmt":"2024-11-13T16:06:19","guid":{"rendered":"https:\/\/feeldesign.se\/produkt\/tarno-2\/"},"modified":"2024-11-13T16:06:19","modified_gmt":"2024-11-13T16:06:19","slug":"tarno-2","status":"publish","type":"product","link":"https:\/\/feeldesign.se\/en\/produkt\/tarno-2\/","title":{"rendered":"T\u00e4rn\u00f6"},"content":{"rendered":"<p>T\u00e4rn\u00f6 is a stylish and timeless spindle chair that fits equally well in modern homes and classic settings. With its simple design and carefully selected materials, it provides both comfort and elegance. Perfect for kitchens, dining rooms, and as extra seating in the hallway. T\u00e4rn\u00f6 combines function with design, giving your home a durable and attractive interior detail.   <\/p>\n<p>Available in several finishes.<\/p>\n","protected":false},"excerpt":{"rendered":"<p>T\u00e4rn\u00f6 is a stylish and timeless spindle chair that fits equally well in modern homes and classic settings. With its simple design and carefully selected materials, it provides both comfort and elegance. Perfect for kitchens, dining rooms, and as extra seating in the hallway. T\u00e4rn\u00f6 combines function with design, giving your home a durable and [&hellip;]<\/p>\n","protected":false},"featured_media":0,"comment_status":"open","ping_status":"closed","template":"","meta":{"site-sidebar-layout":"default","site-content-layout":"","ast-site-content-layout":"default","site-content-style":"default","site-sidebar-style":"default","ast-global-header-display":"","ast-banner-title-visibility":"","ast-main-header-display":"","ast-hfb-above-header-display":"","ast-hfb-below-header-display":"","ast-hfb-mobile-header-display":"","site-post-title":"","ast-breadcrumbs-content":"","ast-featured-img":"","footer-sml-layout":"","ast-disable-related-posts":"","theme-transparent-header-meta":"default","adv-header-id-meta":"","stick-header-meta":"","header-above-stick-meta":"","header-main-stick-meta":"","header-below-stick-meta":"","astra-migrate-meta-layouts":"default","ast-page-background-enabled":"default","ast-page-background-meta":{"desktop":{"background-color":"var(--ast-global-color-4)","background-image":"","background-repeat":"repeat","background-position":"center center","background-size":"auto","background-attachment":"scroll","background-type":"","background-media":"","overlay-type":"","overlay-color":"","overlay-opacity":"","overlay-gradient":""},"tablet":{"background-color":"","background-image":"","background-repeat":"repeat","background-position":"center center","background-size":"auto","background-attachment":"scroll","background-type":"","background-media":"","overlay-type":"","overlay-color":"","overlay-opacity":"","overlay-gradient":""},"mobile":{"background-color":"","background-image":"","background-repeat":"repeat","background-position":"center center","background-size":"auto","background-attachment":"scroll","background-type":"","background-media":"","overlay-type":"","overlay-color":"","overlay-opacity":"","overlay-gradient":""}},"ast-content-background-meta":{"desktop":{"background-color":"var(--ast-global-color-5)","background-image":"","background-repeat":"repeat","background-position":"center center","background-size":"auto","background-attachment":"scroll","background-type":"","background-media":"","overlay-type":"","overlay-color":"","overlay-opacity":"","overlay-gradient":""},"tablet":{"background-color":"var(--ast-global-color-5)","background-image":"","background-repeat":"repeat","background-position":"center center","background-size":"auto","background-attachment":"scroll","background-type":"","background-media":"","overlay-type":"","overlay-color":"","overlay-opacity":"","overlay-gradient":""},"mobile":{"background-color":"var(--ast-global-color-5)","background-image":"","background-repeat":"repeat","background-position":"center center","background-size":"auto","background-attachment":"scroll","background-type":"","background-media":"","overlay-type":"","overlay-color":"","overlay-opacity":"","overlay-gradient":""}}},"product_brand":[],"product_cat":[40],"product_tag":[],"class_list":{"0":"post-3338","1":"product","2":"type-product","3":"status-publish","5":"product_cat-chairs","6":"desktop-align-center","7":"tablet-align-left","8":"mobile-align-left","10":"first","11":"instock","12":"taxable","13":"shipping-taxable","14":"product-type-simple"},"_links":{"self":[{"href":"https:\/\/feeldesign.se\/en\/wp-json\/wp\/v2\/product\/3338","targetHints":{"allow":["GET"]}}],"collection":[{"href":"https:\/\/feeldesign.se\/en\/wp-json\/wp\/v2\/product"}],"about":[{"href":"https:\/\/feeldesign.se\/en\/wp-json\/wp\/v2\/types\/product"}],"replies":[{"embeddable":true,"href":"https:\/\/feeldesign.se\/en\/wp-json\/wp\/v2\/comments?post=3338"}],"wp:attachment":[{"href":"https:\/\/feeldesign.se\/en\/wp-json\/wp\/v2\/media?parent=3338"}],"wp:term":[{"taxonomy":"product_brand","embeddable":true,"href":"https:\/\/feeldesign.se\/en\/wp-json\/wp\/v2\/product_brand?post=3338"},{"taxonomy":"product_cat","embeddable":true,"href":"https:\/\/feeldesign.se\/en\/wp-json\/wp\/v2\/product_cat?post=3338"},{"taxonomy":"product_tag","embeddable":true,"href":"https:\/\/feeldesign.se\/en\/wp-json\/wp\/v2\/product_tag?post=3338"}],"curies":[{"name":"wp","href":"https:\/\/api.w.org\/{rel}","templated":true}]}}